{"id":13748,"date":"2025-06-10T20:35:49","date_gmt":"2025-06-11T01:35:49","guid":{"rendered":"https:\/\/www.hotelelturista.com\/?page_id=13748"},"modified":"2025-06-10T20:37:17","modified_gmt":"2025-06-11T01:37:17","slug":"politica-de-cookies","status":"publish","type":"page","link":"https:\/\/www.hotelelturista.com\/en\/politica-de-cookies\/","title":{"rendered":"Pol\u00edtica de Cookies"},"content":{"rendered":"<div data-elementor-type=\"wp-page\" data-elementor-id=\"13748\" class=\"elementor elementor-13748\" data-elementor-post-type=\"page\">\n\t\t\t\t<div class=\"elementor-element elementor-element-ed275cd e-flex e-con-boxed e-con e-parent\" data-id=\"ed275cd\" data-element_type=\"container\">\n\t\t\t\t\t<div class=\"e-con-inner\">\n\t\t\t\t<div class=\"elementor-element elementor-element-59709e2 elementor-widget elementor-widget-text-editor\" data-id=\"59709e2\" data-element_type=\"widget\" data-widget_type=\"text-editor.default\">\n\t\t\t\t\t\t\t\t\t<p data-start=\"4685\" data-end=\"4803\">En cumplimiento con la normativa vigente, informamos a nuestros usuarios sobre el uso de cookies en nuestro sitio web.<\/p><hr data-start=\"4805\" data-end=\"4808\" \/><h2 data-start=\"4810\" data-end=\"4837\">1. \u00bfQu\u00e9 son las cookies?<\/h2><p data-start=\"4839\" data-end=\"5042\">Las cookies son archivos peque\u00f1os que un sitio web instala en su navegador para almacenar informaci\u00f3n t\u00e9cnica, preferencias del usuario, estad\u00edsticas de navegaci\u00f3n o mejorar la experiencia de navegaci\u00f3n.<\/p><hr data-start=\"5044\" data-end=\"5047\" \/><h2 data-start=\"5049\" data-end=\"5082\">2. Tipos de cookies utilizadas<\/h2><ul data-start=\"5084\" data-end=\"5573\"><li data-start=\"5084\" data-end=\"5196\"><p data-start=\"5086\" data-end=\"5196\"><strong data-start=\"5086\" data-end=\"5123\">Cookies estrictamente necesarias:<\/strong> Permiten la navegaci\u00f3n y el uso de funcionalidades esenciales del sitio.<\/p><\/li><li data-start=\"5197\" data-end=\"5326\"><p data-start=\"5199\" data-end=\"5326\"><strong data-start=\"5199\" data-end=\"5223\">Cookies de an\u00e1lisis:<\/strong> Nos ayudan a entender c\u00f3mo los usuarios interact\u00faan con nuestro sitio (por ejemplo, Google Analytics).<\/p><\/li><li data-start=\"5327\" data-end=\"5405\"><p data-start=\"5329\" data-end=\"5405\"><strong data-start=\"5329\" data-end=\"5358\">Cookies de funcionalidad:<\/strong> Recuerdan sus preferencias de idioma o regi\u00f3n.<\/p><\/li><li data-start=\"5406\" data-end=\"5573\"><p data-start=\"5408\" data-end=\"5573\"><strong data-start=\"5408\" data-end=\"5446\">Cookies de publicidad (si aplica):<\/strong> Muestran anuncios relevantes seg\u00fan su comportamiento de navegaci\u00f3n (usadas solo si hay campa\u00f1as activas y con consentimiento).<\/p><\/li><\/ul><hr data-start=\"5575\" data-end=\"5578\" \/><h2 data-start=\"5580\" data-end=\"5617\">3. \u00bfC\u00f3mo se gestionan las cookies?<\/h2><p data-start=\"5619\" data-end=\"5800\">Puede configurar su navegador para aceptar, rechazar o eliminar cookies. Tenga en cuenta que la desactivaci\u00f3n de cookies puede afectar el funcionamiento de ciertas partes del sitio.<\/p><h3 data-start=\"5802\" data-end=\"5820\">Gu\u00edas r\u00e1pidas:<\/h3><ul data-start=\"5821\" data-end=\"6064\"><li data-start=\"5821\" data-end=\"5890\"><p data-start=\"5823\" data-end=\"5890\"><strong data-start=\"5823\" data-end=\"5841\">Google Chrome:<\/strong> Configuraci\u00f3n &gt; Privacidad y seguridad &gt; Cookies<\/p><\/li><li data-start=\"5891\" data-end=\"5957\"><p data-start=\"5893\" data-end=\"5957\"><strong data-start=\"5893\" data-end=\"5913\">Mozilla Firefox:<\/strong> Opciones &gt; Privacidad y Seguridad &gt; Cookies<\/p><\/li><li data-start=\"5958\" data-end=\"5997\"><p data-start=\"5960\" data-end=\"5997\"><strong data-start=\"5960\" data-end=\"5971\">Safari:<\/strong> Preferencias &gt; Privacidad<\/p><\/li><li data-start=\"5998\" data-end=\"6064\"><p data-start=\"6000\" data-end=\"6064\"><strong data-start=\"6000\" data-end=\"6019\">Microsoft Edge:<\/strong> Configuraci\u00f3n &gt; Cookies y permisos del sitio<\/p><\/li><\/ul><hr data-start=\"6066\" data-end=\"6069\" \/><h2 data-start=\"6071\" data-end=\"6091\">4. Consentimiento<\/h2><p data-start=\"6093\" data-end=\"6304\">Al ingresar y navegar en nuestro sitio web, usted acepta el uso de cookies, salvo que haya configurado su navegador para rechazarlas. Le mostraremos un aviso de consentimiento la primera vez que acceda al sitio.<\/p><hr data-start=\"6306\" data-end=\"6309\" \/><h2 data-start=\"6311\" data-end=\"6333\">5. Enlaces externos<\/h2><p data-start=\"6335\" data-end=\"6545\">Nuestro sitio puede contener enlaces a sitios de terceros (por ejemplo, pasarelas de pago, portales tur\u00edsticos). HOTEL EL TURISTA no se hace responsable de las pr\u00e1cticas de privacidad de dichos sitios externos.<\/p><hr data-start=\"6547\" data-end=\"6550\" \/><h2 data-start=\"6552\" data-end=\"6566\">6. Contacto<\/h2><p data-start=\"6568\" data-end=\"6810\">Si tiene preguntas sobre esta pol\u00edtica o desea ejercer sus derechos, puede contactarnos en:<br data-start=\"6659\" data-end=\"6662\" \/>\ud83d\udce7 reservas@hotelelturista.com<br data-start=\"6701\" data-end=\"6704\" \/>\ud83d\udccd Direcci\u00f3n: Av. San Mart\u00edn N\u00b0 124, Urb. Vallecito \u2013 Arequipa, Per\u00fa<br data-start=\"6772\" data-end=\"6775\" \/>\ud83d\udcde Tel\u00e9fono: +51 942426242<\/p>\t\t\t\t\t\t\t\t<\/div>\n\t\t\t\t<div class=\"elementor-element elementor-element-f86c5b9 elementor-widget elementor-widget-spacer\" data-id=\"f86c5b9\" data-element_type=\"widget\" data-widget_type=\"spacer.default\">\n\t\t\t\t\t\t\t<div class=\"elementor-spacer\">\n\t\t\t<div class=\"elementor-spacer-inner\"><\/div>\n\t\t<\/div>\n\t\t\t\t\t\t<\/div>\n\t\t\t\t\t<\/div>\n\t\t\t\t<\/div>\n\t\t\t\t<\/div>","protected":false},"excerpt":{"rendered":"<p>En cumplimiento con la normativa vigente, informamos a nuestros usuarios sobre el uso de cookies en nuestro sitio web. 1. \u00bfQu\u00e9 son las cookies? Las cookies son archivos peque\u00f1os que un sitio web instala en su navegador para almacenar informaci\u00f3n t\u00e9cnica, preferencias del usuario, estad\u00edsticas de navegaci\u00f3n o mejorar la experiencia de navegaci\u00f3n. 2. Tipos [&hellip;]<\/p>","protected":false},"author":1,"featured_media":0,"parent":0,"menu_order":0,"comment_status":"closed","ping_status":"closed","template":"elementor_header_footer","meta":{"footnotes":""},"class_list":["post-13748","page","type-page","status-publish","hentry"],"_links":{"self":[{"href":"https:\/\/www.hotelelturista.com\/en\/wp-json\/wp\/v2\/pages\/13748","targetHints":{"allow":["GET"]}}],"collection":[{"href":"https:\/\/www.hotelelturista.com\/en\/wp-json\/wp\/v2\/pages"}],"about":[{"href":"https:\/\/www.hotelelturista.com\/en\/wp-json\/wp\/v2\/types\/page"}],"author":[{"embeddable":true,"href":"https:\/\/www.hotelelturista.com\/en\/wp-json\/wp\/v2\/users\/1"}],"replies":[{"embeddable":true,"href":"https:\/\/www.hotelelturista.com\/en\/wp-json\/wp\/v2\/comments?post=13748"}],"version-history":[{"count":0,"href":"https:\/\/www.hotelelturista.com\/en\/wp-json\/wp\/v2\/pages\/13748\/revisions"}],"wp:attachment":[{"href":"https:\/\/www.hotelelturista.com\/en\/wp-json\/wp\/v2\/media?parent=13748"}],"curies":[{"name":"wp","href":"https:\/\/api.w.org\/{rel}","templated":true}]}}